{"id":945,"date":"2019-07-14T14:42:53","date_gmt":"2019-07-14T12:42:53","guid":{"rendered":"http:\/\/www.ayanar.net\/blog\/?page_id=945"},"modified":"2024-04-01T19:18:57","modified_gmt":"2024-04-01T17:18:57","slug":"vismaviedauteur","status":"publish","type":"page","link":"https:\/\/www.ayanar.net\/blog\/?page_id=945","title":{"rendered":"Vis ma vie d&rsquo;auteur"},"content":{"rendered":"\n<p><strong>S\u00e9rie humoristique \/ auto\u00e9dition<\/strong><\/p>\n\n\n\n<p>Tu prends les transports en commun ? Il t\u2019arrive d\u2019\u00e9crire, ou tu te poses plein de questions sur ces bestioles bizarres que sont les auteurs ? Cette s\u00e9rie \u00e0 lire d\u00e9peint les gal\u00e8res, les situations cocasses mais aussi les joies de leurs parcours\u2026<br>Bienvenue, et attention \u00e0 la fermeture des portes !<\/p>\n\n\n\n<p>Lisez les deux premiers chapitres de la saison 1 sur <a rel=\"noreferrer noopener\" href=\"https:\/\/www.wattpad.com\/story\/181498460-vis-ma-vie-d%27auteur\" target=\"_blank\">Wattpad<\/a>.<\/p>\n\n\n\n<p>Texte et gribouillis : St\u00e9phane Pavanelli<br>Relectures et corrections : <a href=\"https:\/\/lenversdesmots.fr\" target=\"_blank\" rel=\"noreferrer noopener\">Caterina Tosati<\/a><\/p>\n\n\n\n<figure class=\"wp-block-gallery has-nested-images columns-default is-cropped wp-block-gallery-1 is-layout-flex wp-block-gallery-is-layout-flex\">\n<figure class=\"wp-block-image size-large\"><a href=\"https:\/\/www.ayanar.net\/blog\/wp-content\/uploads\/2023\/02\/vismaviecouv1.jpg\"><img loading=\"lazy\" decoding=\"async\" width=\"682\" height=\"1024\" data-id=\"1620\" src=\"https:\/\/www.ayanar.net\/blog\/wp-content\/uploads\/2023\/02\/vismaviecouv1-682x1024.jpg\" alt=\"\" class=\"wp-image-1620\" srcset=\"https:\/\/www.ayanar.net\/blog\/wp-content\/uploads\/2023\/02\/vismaviecouv1-682x1024.jpg 682w, https:\/\/www.ayanar.net\/blog\/wp-content\/uploads\/2023\/02\/vismaviecouv1-200x300.jpg 200w, https:\/\/www.ayanar.net\/blog\/wp-content\/uploads\/2023\/02\/vismaviecouv1-768x1152.jpg 768w, https:\/\/www.ayanar.net\/blog\/wp-content\/uploads\/2023\/02\/vismaviecouv1-1024x1536.jpg 1024w, https:\/\/www.ayanar.net\/blog\/wp-content\/uploads\/2023\/02\/vismaviecouv1-1365x2048.jpg 1365w, https:\/\/www.ayanar.net\/blog\/wp-content\/uploads\/2023\/02\/vismaviecouv1.jpg 1706w\" sizes=\"auto, (max-width: 682px) 100vw, 682px\" \/><\/a><\/figure>\n\n\n\n<figure class=\"wp-block-image size-large\"><a href=\"https:\/\/www.ayanar.net\/blog\/wp-content\/uploads\/2023\/02\/vismaviecouv2.jpg\"><img loading=\"lazy\" decoding=\"async\" width=\"682\" height=\"1024\" data-id=\"1621\" src=\"https:\/\/www.ayanar.net\/blog\/wp-content\/uploads\/2023\/02\/vismaviecouv2-682x1024.jpg\" alt=\"\" class=\"wp-image-1621\" srcset=\"https:\/\/www.ayanar.net\/blog\/wp-content\/uploads\/2023\/02\/vismaviecouv2-682x1024.jpg 682w, https:\/\/www.ayanar.net\/blog\/wp-content\/uploads\/2023\/02\/vismaviecouv2-200x300.jpg 200w, https:\/\/www.ayanar.net\/blog\/wp-content\/uploads\/2023\/02\/vismaviecouv2-768x1152.jpg 768w, https:\/\/www.ayanar.net\/blog\/wp-content\/uploads\/2023\/02\/vismaviecouv2-1024x1536.jpg 1024w, https:\/\/www.ayanar.net\/blog\/wp-content\/uploads\/2023\/02\/vismaviecouv2-1365x2048.jpg 1365w, https:\/\/www.ayanar.net\/blog\/wp-content\/uploads\/2023\/02\/vismaviecouv2.jpg 1706w\" sizes=\"auto, (max-width: 682px) 100vw, 682px\" \/><\/a><\/figure>\n<\/figure>\n","protected":false},"excerpt":{"rendered":"<p>S\u00e9rie humoristique \/ auto\u00e9dition Tu prends les transports en commun ? Il t\u2019arrive d\u2019\u00e9crire, ou tu te poses plein de questions sur ces bestioles bizarres que sont les auteurs ? Cette s\u00e9rie \u00e0 lire d\u00e9peint les gal\u00e8res, les situations cocasses mais aussi les joies de leurs parcours\u2026Bienvenue, et attention \u00e0 la fermeture des portes ! &hellip; <a href=\"https:\/\/www.ayanar.net\/blog\/?page_id=945\" class=\"more-link\">Continuer la lecture de <span class=\"screen-reader-text\">Vis ma vie d&rsquo;auteur<\/span>  <span class=\"meta-nav\">&rarr;<\/span><\/a><\/p>\n","protected":false},"author":1,"featured_media":1617,"parent":0,"menu_order":0,"comment_status":"closed","ping_status":"closed","template":"","meta":{"footnotes":""},"class_list":["post-945","page","type-page","status-publish","has-post-thumbnail","hentry"],"_links":{"self":[{"href":"https:\/\/www.ayanar.net\/blog\/index.php?rest_route=\/wp\/v2\/pages\/945","targetHints":{"allow":["GET"]}}],"collection":[{"href":"https:\/\/www.ayanar.net\/blog\/index.php?rest_route=\/wp\/v2\/pages"}],"about":[{"href":"https:\/\/www.ayanar.net\/blog\/index.php?rest_route=\/wp\/v2\/types\/page"}],"author":[{"embeddable":true,"href":"https:\/\/www.ayanar.net\/blog\/index.php?rest_route=\/wp\/v2\/users\/1"}],"replies":[{"embeddable":true,"href":"https:\/\/www.ayanar.net\/blog\/index.php?rest_route=%2Fwp%2Fv2%2Fcomments&post=945"}],"version-history":[{"count":35,"href":"https:\/\/www.ayanar.net\/blog\/index.php?rest_route=\/wp\/v2\/pages\/945\/revisions"}],"predecessor-version":[{"id":1709,"href":"https:\/\/www.ayanar.net\/blog\/index.php?rest_route=\/wp\/v2\/pages\/945\/revisions\/1709"}],"wp:featuredmedia":[{"embeddable":true,"href":"https:\/\/www.ayanar.net\/blog\/index.php?rest_route=\/wp\/v2\/media\/1617"}],"wp:attachment":[{"href":"https:\/\/www.ayanar.net\/blog\/index.php?rest_route=%2Fwp%2Fv2%2Fmedia&parent=945"}],"curies":[{"name":"wp","href":"https:\/\/api.w.org\/{rel}","templated":true}]}}