{"id":4,"date":"2012-06-24T13:00:52","date_gmt":"2012-06-24T11:00:52","guid":{"rendered":"http:\/\/www.ayanar.net\/blog\/?page_id=4"},"modified":"2025-09-04T07:31:20","modified_gmt":"2025-09-04T05:31:20","slug":"a-propos-de-lauteur","status":"publish","type":"page","link":"https:\/\/www.ayanar.net\/blog\/?page_id=4","title":{"rendered":"Bibliographie"},"content":{"rendered":"<p><strong><a href=\"https:\/\/www.ayanar.net\/blog\/\">www.ayanar.net<\/a> \/ <a href=\"https:\/\/www.ayanar.net\/blog\/?page_id=222\">contact<\/a><br \/>\n\u00c9crits de l&rsquo;imaginaire &#8211; St\u00e9phane Pavanelli<\/strong><br \/>\nFictions : romans, nouvelles, sc\u00e9narios&#8230;\u00a0Je travaille avec des \u00e9diteurs et des partenaires en <a href=\"https:\/\/www.ayanar.net\/blog\/?p=1439\">auto\u00e9dition<\/a>.<br \/>\nProfil et r\u00e9seaux <a href=\"https:\/\/linktr.ee\/MondeAyanar\" target=\"_blank\" rel=\"noopener\">https:\/\/linktr.ee\/MondeAyanar<\/a><\/p>\n<p>Mes titres au format num\u00e9rique sont disponibles sur l&rsquo;ensemble des plateformes, dont : <a href=\"https:\/\/www.7switch.com\/fr\/list\/author-1665730-stephane-pavanelli\/page\/1\" target=\"_blank\" rel=\"noopener\">7switch<\/a>, <a href=\"https:\/\/www.amazon.fr\/~\/e\/B01LWU87PK\" target=\"_blank\" rel=\"noopener\">Amazon<\/a>, <a href=\"https:\/\/www.kobo.com\/fr\/fr\/search?query=st\u00e9phane%20pavanelli&amp;ac=1&amp;acp=st\u00e9phane%20pavanelli&amp;ac.author=st\u00e9phane%20pavanelli&amp;sort=Temperature\" target=\"_blank\" rel=\"noopener\">Kobo<\/a><br \/>\nCommandes format papier : contactez-moi directement (Linktree ou formulaire de contact)<\/p>\n<p>Dans un r\u00e9cit, je recherche avant tout l&rsquo;\u00e9motion et \u00e0\u00a0d\u00e9velopper des aventures humaines, peu importe le cadre : toutes les fictions sont des mondes imaginaires \u00e0 d\u00e9couvrir !<\/p>\n<p><strong>Sc\u00e9nario :<\/strong><br \/>\n<a href=\"https:\/\/www.ayanar.net\/blog\/?p=1335\"><em>Pont des Arts<\/em><\/a>, s\u00e9rie fiction en podcast produite et r\u00e9alis\u00e9e par Ingrid Lemmer \/ <a href=\"https:\/\/jecrisunroman.eu\" target=\"_blank\" rel=\"noopener\">J&rsquo;\u00e9cris un roman<\/a> (2025)<br \/>\n<em>S\u00e9rie audio disponible en libre acc\u00e8s sur les plateformes d&rsquo;\u00e9coute (7&#215;15&prime;)<\/em><\/p>\n<p><strong>Publications ind\u00e9pendantes (auto\u00e9dition) :<br \/>\n<\/strong><a href=\"https:\/\/www.ayanar.net\/blog\/?page_id=945\"><em>Vis ma vie d&rsquo;auteur<\/em><\/a>, s\u00e9rie humoristique \u00e0 lire au format recueil de nouvelles :<br \/>\n&#8211; Saison 2 : Le monde d&rsquo;apr\u00e8s (ou pas) (2023)<br \/>\n&#8211; Saison 1 : Le monde d&rsquo;avant (2023, pr\u00e9c\u00e9dente \u00e9dition sur la plateforme de lecture avec abonnement Rocambole\/Doors 2019)<strong><br \/>\n<\/strong><a href=\"https:\/\/www.ayanar.net\/blog\/?page_id=508\"><em>Convergence<\/em><\/a>, roman SF (2022)<\/p>\n<p><strong>Publications \u00e0 compte d&rsquo;\u00e9diteur :<br \/>\n<\/strong><em><a href=\"https:\/\/www.ayanar.net\/blog\/?page_id=255\">Harmonie<\/a><\/em>, roman,\u00a0<a href=\"https:\/\/www.gephyre.com\/produit\/harmonie\/\" target=\"_blank\" rel=\"noopener noreferrer\">Gephyre \u00e9ditions<\/a> (2020, <a href=\"https:\/\/www.hors-concours.fr\/hc-2021\/gephyre\" target=\"_blank\" rel=\"noopener\">s\u00e9lection au prix Hors Concours 2021<\/a>)<br \/>\n<a href=\"https:\/\/www.ayanar.net\/blog\/?page_id=11\"><em>La Voyageuse d&rsquo;Ayanar<\/em><\/a>, roman SF, \u00e9ditions NL Numeriklivres \u00a0(\u00e9puis\u00e9s) :<br \/>\n&#8211; Tome 2 : <em>L&rsquo;Arche des \u00e9toiles <\/em>(2017)<br \/>\n&#8211;\u00a0Tome 1 : <em>La Voie du d\u00e9sert <\/em>(2016)<\/p>\n<p><span style=\"text-decoration: underline;\">Mentions l\u00e9gales &amp; cr\u00e9dits<\/span><br \/>\n<em>Sauf sp\u00e9cifications contraires, site et son contenu \u00a9 St\u00e9phane Pavanelli \/ WordPress \/ Visuels \u00e9diteurs \u00a9 Gephyre \u00e9ditions, J&rsquo;\u00e9cris un roman<\/em><\/p>\n","protected":false},"excerpt":{"rendered":"<p>www.ayanar.net \/ contact \u00c9crits de l&rsquo;imaginaire &#8211; St\u00e9phane Pavanelli Fictions : romans, nouvelles, sc\u00e9narios&#8230;\u00a0Je travaille avec des \u00e9diteurs et des partenaires en auto\u00e9dition. Profil et r\u00e9seaux https:\/\/linktr.ee\/MondeAyanar Mes titres au format num\u00e9rique sont disponibles sur l&rsquo;ensemble des plateformes, dont : 7switch, Amazon, Kobo Commandes format papier : contactez-moi directement (Linktree ou formulaire de contact) Dans &hellip; <a href=\"https:\/\/www.ayanar.net\/blog\/?page_id=4\" class=\"more-link\">Continuer la lecture de <span class=\"screen-reader-text\">Bibliographie<\/span>  <span class=\"meta-nav\">&rarr;<\/span><\/a><\/p>\n","protected":false},"author":1,"featured_media":0,"parent":0,"menu_order":0,"comment_status":"closed","ping_status":"open","template":"","meta":{"footnotes":""},"class_list":["post-4","page","type-page","status-publish","hentry"],"_links":{"self":[{"href":"https:\/\/www.ayanar.net\/blog\/index.php?rest_route=\/wp\/v2\/pages\/4","targetHints":{"allow":["GET"]}}],"collection":[{"href":"https:\/\/www.ayanar.net\/blog\/index.php?rest_route=\/wp\/v2\/pages"}],"about":[{"href":"https:\/\/www.ayanar.net\/blog\/index.php?rest_route=\/wp\/v2\/types\/page"}],"author":[{"embeddable":true,"href":"https:\/\/www.ayanar.net\/blog\/index.php?rest_route=\/wp\/v2\/users\/1"}],"replies":[{"embeddable":true,"href":"https:\/\/www.ayanar.net\/blog\/index.php?rest_route=%2Fwp%2Fv2%2Fcomments&post=4"}],"version-history":[{"count":181,"href":"https:\/\/www.ayanar.net\/blog\/index.php?rest_route=\/wp\/v2\/pages\/4\/revisions"}],"predecessor-version":[{"id":1812,"href":"https:\/\/www.ayanar.net\/blog\/index.php?rest_route=\/wp\/v2\/pages\/4\/revisions\/1812"}],"wp:attachment":[{"href":"https:\/\/www.ayanar.net\/blog\/index.php?rest_route=%2Fwp%2Fv2%2Fmedia&parent=4"}],"curies":[{"name":"wp","href":"https:\/\/api.w.org\/{rel}","templated":true}]}}