{"id":255,"date":"2016-01-03T19:07:23","date_gmt":"2016-01-03T17:07:23","guid":{"rendered":"http:\/\/www.ayanar.net\/blog\/?page_id=255"},"modified":"2022-02-01T09:52:20","modified_gmt":"2022-02-01T07:52:20","slug":"harmonie","status":"publish","type":"page","link":"https:\/\/www.ayanar.net\/blog\/?page_id=255","title":{"rendered":"Harmonie"},"content":{"rendered":"<p><strong>Contemporain \/\u00a0Gephyre \u00e9ditions<\/strong><\/p>\n<p>\u00ab\u00a0<em>Roman d\u2019initiation, quasi cin\u00e9matographique, sonore et visuel \u00e0 la fois, <\/em>Harmonie <em>invite \u00e0 prendre le temps de r\u00e9\u00e9couter sa petite musique int\u00e9rieure, \u00e0 contempler le monde comme un alli\u00e9 qu\u2019on laisse venir \u00e0 soi, \u00e0 chercher en soi l\u2019harmonie momentan\u00e9ment \u00e9gar\u00e9e mais jamais disparue.<\/em>\u00a0\u00bb<br \/>Pr\u00e9face de <a href=\"http:\/\/www.baptistetrotignon.com\" target=\"_blank\" rel=\"noopener noreferrer\">Baptiste Trotignon<\/a><\/p>\n<p><em><a href=\"https:\/\/www.gephyre.com\/produit\/harmonie\/\" target=\"_blank\" rel=\"noopener noreferrer\">-Commander sur le site de Gephyre \u00e9ditions<\/a><br \/><a href=\"https:\/\/www.gephyre.com\/produit\/harmonie-2\/\" target=\"_blank\" rel=\"noopener\">-Version num\u00e9rique<\/a><br \/><a href=\"https:\/\/www.gephyre.com\/acheter\/librairies\/\" target=\"_blank\" rel=\"noopener noreferrer\">-O\u00f9 le trouver en librairie ?<\/a><\/em><\/p>\n<p>&#8211;<a href=\"https:\/\/www.ayanar.net\/blog\/?p=259\">Voir le r\u00e9sum\u00e9 (quatri\u00e8me de couverture)<\/a><br \/><a href=\"https:\/\/www.ayanar.net\/blog\/?p=1128\">-Citations<\/a><br \/><a href=\"https:\/\/www.ayanar.net\/blog\/?p=287\">-Inspirations<\/a><br \/><a href=\"https:\/\/www.ayanar.net\/blog\/?p=1112\">-Playlist<\/a><\/p>\n\n\n<figure class=\"wp-block-embed-youtube wp-block-embed is-type-rich is-provider-prise-en-charge-des-contenus-embarques wp-embed-aspect-16-9 wp-has-aspect-ratio\"><div class=\"wp-block-embed__wrapper\">\n<iframe loading=\"lazy\" title=\"De quoi \u00e7a parle ? Harmonie, St\u00e9phane Pavanelli\" width=\"474\" height=\"267\" src=\"https:\/\/www.youtube.com\/embed\/kni18ACO0fM?feature=oembed\" frameborder=\"0\" allow=\"accelerometer; autoplay; clipboard-write; encrypted-media; gyroscope; picture-in-picture; web-share\" referrerpolicy=\"strict-origin-when-cross-origin\" allowfullscreen><\/iframe>\n<\/div><\/figure>\n","protected":false},"excerpt":{"rendered":"<p>Contemporain \/\u00a0Gephyre \u00e9ditions \u00ab\u00a0Roman d\u2019initiation, quasi cin\u00e9matographique, sonore et visuel \u00e0 la fois, Harmonie invite \u00e0 prendre le temps de r\u00e9\u00e9couter sa petite musique int\u00e9rieure, \u00e0 contempler le monde comme un alli\u00e9 qu\u2019on laisse venir \u00e0 soi, \u00e0 chercher en soi l\u2019harmonie momentan\u00e9ment \u00e9gar\u00e9e mais jamais disparue.\u00a0\u00bbPr\u00e9face de Baptiste Trotignon -Commander sur le site de &hellip; <a href=\"https:\/\/www.ayanar.net\/blog\/?page_id=255\" class=\"more-link\">Continuer la lecture de <span class=\"screen-reader-text\">Harmonie<\/span>  <span class=\"meta-nav\">&rarr;<\/span><\/a><\/p>\n","protected":false},"author":1,"featured_media":1188,"parent":0,"menu_order":0,"comment_status":"closed","ping_status":"open","template":"","meta":{"footnotes":""},"class_list":["post-255","page","type-page","status-publish","has-post-thumbnail","hentry"],"_links":{"self":[{"href":"https:\/\/www.ayanar.net\/blog\/index.php?rest_route=\/wp\/v2\/pages\/255","targetHints":{"allow":["GET"]}}],"collection":[{"href":"https:\/\/www.ayanar.net\/blog\/index.php?rest_route=\/wp\/v2\/pages"}],"about":[{"href":"https:\/\/www.ayanar.net\/blog\/index.php?rest_route=\/wp\/v2\/types\/page"}],"author":[{"embeddable":true,"href":"https:\/\/www.ayanar.net\/blog\/index.php?rest_route=\/wp\/v2\/users\/1"}],"replies":[{"embeddable":true,"href":"https:\/\/www.ayanar.net\/blog\/index.php?rest_route=%2Fwp%2Fv2%2Fcomments&post=255"}],"version-history":[{"count":52,"href":"https:\/\/www.ayanar.net\/blog\/index.php?rest_route=\/wp\/v2\/pages\/255\/revisions"}],"predecessor-version":[{"id":1406,"href":"https:\/\/www.ayanar.net\/blog\/index.php?rest_route=\/wp\/v2\/pages\/255\/revisions\/1406"}],"wp:featuredmedia":[{"embeddable":true,"href":"https:\/\/www.ayanar.net\/blog\/index.php?rest_route=\/wp\/v2\/media\/1188"}],"wp:attachment":[{"href":"https:\/\/www.ayanar.net\/blog\/index.php?rest_route=%2Fwp%2Fv2%2Fmedia&parent=255"}],"curies":[{"name":"wp","href":"https:\/\/api.w.org\/{rel}","templated":true}]}}